{"id":326,"date":"2025-12-23T16:14:35","date_gmt":"2025-12-23T16:14:35","guid":{"rendered":"https:\/\/asesoria.aslanlegal.rkinformatika.online\/?post_type=product&#038;p=326"},"modified":"2025-12-26T11:59:20","modified_gmt":"2025-12-26T11:59:20","slug":"juridico","status":"publish","type":"product","link":"https:\/\/asesoria.aslanlegal.com\/eu\/produktua\/juridico\/","title":{"rendered":"Juridico CB-Sociedad Civil (Constituci\u00f3n)"},"content":{"rendered":"<p>Constituci\u00f3n y tramitaci\u00f3n de Sociedades Civiles o Comunidades de Bienes<\/p>","protected":false},"excerpt":{"rendered":"<p>Constituci\u00f3n y tramitaci\u00f3n de Sociedades Civiles o Comunidades de Bienes<\/p>","protected":false},"featured_media":312,"comment_status":"open","ping_status":"closed","template":"","meta":[],"product_brand":[32],"product_cat":[42],"product_tag":[],"class_list":{"0":"post-326","1":"product","2":"type-product","3":"status-publish","4":"has-post-thumbnail","6":"product_brand-cb-sociedad-civil","7":"product_cat-constitucion","9":"first","10":"instock","11":"shipping-taxable","12":"purchasable","13":"product-type-simple"},"yoast_head":"<!-- This site is optimized with the Yoast SEO plugin v27.5 - https:\/\/yoast.com\/product\/yoast-seo-wordpress\/ -->\n<title>Juridico CB-Sociedad Civil (Constituci\u00f3n) - Aslan Legal, S.L.U. Tienda<\/title>\n<meta name=\"robots\" content=\"index, follow, max-snippet:-1, max-image-preview:large, max-video-preview:-1\" \/>\n<link rel=\"canonical\" href=\"https:\/\/asesoria.aslanlegal.com\/eu\/produktua\/juridico\/\" \/>\n<meta property=\"og:locale\" content=\"en_US\" \/>\n<meta property=\"og:type\" content=\"article\" \/>\n<meta property=\"og:title\" content=\"Juridico CB-Sociedad Civil (Constituci\u00f3n) - Aslan Legal, S.L.U. Tienda\" \/>\n<meta property=\"og:description\" content=\"Constituci\u00f3n y tramitaci\u00f3n de Sociedades Civiles o Comunidades de Bienes\" \/>\n<meta property=\"og:url\" content=\"https:\/\/asesoria.aslanlegal.com\/eu\/produktua\/juridico\/\" \/>\n<meta property=\"og:site_name\" content=\"Aslan Legal, S.L.U. Tienda\" \/>\n<meta property=\"article:modified_time\" content=\"2025-12-26T11:59:20+00:00\" \/>\n<meta property=\"og:image\" content=\"https:\/\/asesoria.aslanlegal.com\/wp-content\/uploads\/2025\/12\/457.jpg\" \/>\n\t<meta property=\"og:image:width\" content=\"1500\" \/>\n\t<meta property=\"og:image:height\" content=\"1000\" \/>\n\t<meta property=\"og:image:type\" content=\"image\/jpeg\" \/>\n<meta name=\"twitter:card\" content=\"summary_large_image\" \/>\n<meta name=\"twitter:label1\" content=\"Est. reading time\" \/>\n\t<meta name=\"twitter:data1\" content=\"1 minutua\" \/>\n<script type=\"application\/ld+json\" class=\"yoast-schema-graph\">{\"@context\":\"https:\\\/\\\/schema.org\",\"@graph\":[{\"@type\":\"WebPage\",\"@id\":\"https:\\\/\\\/asesoria.aslanlegal.com\\\/producto\\\/juridico\\\/\",\"url\":\"https:\\\/\\\/asesoria.aslanlegal.com\\\/producto\\\/juridico\\\/\",\"name\":\"Juridico CB-Sociedad Civil (Constituci\u00f3n) - Aslan Legal, S.L.U. Tienda\",\"isPartOf\":{\"@id\":\"https:\\\/\\\/asesoria.aslanlegal.com\\\/#website\"},\"primaryImageOfPage\":{\"@id\":\"https:\\\/\\\/asesoria.aslanlegal.com\\\/producto\\\/juridico\\\/#primaryimage\"},\"image\":{\"@id\":\"https:\\\/\\\/asesoria.aslanlegal.com\\\/producto\\\/juridico\\\/#primaryimage\"},\"thumbnailUrl\":\"https:\\\/\\\/asesoria.aslanlegal.com\\\/wp-content\\\/uploads\\\/2025\\\/12\\\/457.jpg\",\"datePublished\":\"2025-12-23T16:14:35+00:00\",\"dateModified\":\"2025-12-26T11:59:20+00:00\",\"breadcrumb\":{\"@id\":\"https:\\\/\\\/asesoria.aslanlegal.com\\\/producto\\\/juridico\\\/#breadcrumb\"},\"inLanguage\":\"eu\",\"potentialAction\":[{\"@type\":\"ReadAction\",\"target\":[\"https:\\\/\\\/asesoria.aslanlegal.com\\\/producto\\\/juridico\\\/\"]}]},{\"@type\":\"ImageObject\",\"inLanguage\":\"eu\",\"@id\":\"https:\\\/\\\/asesoria.aslanlegal.com\\\/producto\\\/juridico\\\/#primaryimage\",\"url\":\"https:\\\/\\\/asesoria.aslanlegal.com\\\/wp-content\\\/uploads\\\/2025\\\/12\\\/457.jpg\",\"contentUrl\":\"https:\\\/\\\/asesoria.aslanlegal.com\\\/wp-content\\\/uploads\\\/2025\\\/12\\\/457.jpg\",\"width\":1500,\"height\":1000},{\"@type\":\"BreadcrumbList\",\"@id\":\"https:\\\/\\\/asesoria.aslanlegal.com\\\/producto\\\/juridico\\\/#breadcrumb\",\"itemListElement\":[{\"@type\":\"ListItem\",\"position\":1,\"name\":\"Portada\",\"item\":\"https:\\\/\\\/asesoria.aslanlegal.com\\\/\"},{\"@type\":\"ListItem\",\"position\":2,\"name\":\"Tienda\",\"item\":\"https:\\\/\\\/asesoria.aslanlegal.com\\\/tienda\\\/\"},{\"@type\":\"ListItem\",\"position\":3,\"name\":\"Juridico CB-Sociedad Civil (Constituci\u00f3n)\"}]},{\"@type\":\"WebSite\",\"@id\":\"https:\\\/\\\/asesoria.aslanlegal.com\\\/#website\",\"url\":\"https:\\\/\\\/asesoria.aslanlegal.com\\\/\",\"name\":\"Aslan Legal, S.L.U. Tienda\",\"description\":\"Asesoramiento en materia laboral, contable, fiscal y jur\u00eddico  \",\"publisher\":{\"@id\":\"https:\\\/\\\/asesoria.aslanlegal.com\\\/#organization\"},\"potentialAction\":[{\"@type\":\"SearchAction\",\"target\":{\"@type\":\"EntryPoint\",\"urlTemplate\":\"https:\\\/\\\/asesoria.aslanlegal.com\\\/?s={search_term_string}\"},\"query-input\":{\"@type\":\"PropertyValueSpecification\",\"valueRequired\":true,\"valueName\":\"search_term_string\"}}],\"inLanguage\":\"eu\"},{\"@type\":\"Organization\",\"@id\":\"https:\\\/\\\/asesoria.aslanlegal.com\\\/#organization\",\"name\":\"Aslan Legal, S.L.U. Tienda\",\"url\":\"https:\\\/\\\/asesoria.aslanlegal.com\\\/\",\"logo\":{\"@type\":\"ImageObject\",\"inLanguage\":\"eu\",\"@id\":\"https:\\\/\\\/asesoria.aslanlegal.com\\\/#\\\/schema\\\/logo\\\/image\\\/\",\"url\":\"https:\\\/\\\/asesoria.aslanlegal.com\\\/wp-content\\\/uploads\\\/2025\\\/12\\\/cropped-asesoriaaslan202511_logoarriba.jpg\",\"contentUrl\":\"https:\\\/\\\/asesoria.aslanlegal.com\\\/wp-content\\\/uploads\\\/2025\\\/12\\\/cropped-asesoriaaslan202511_logoarriba.jpg\",\"width\":560,\"height\":134,\"caption\":\"Aslan Legal, S.L.U. Tienda\"},\"image\":{\"@id\":\"https:\\\/\\\/asesoria.aslanlegal.com\\\/#\\\/schema\\\/logo\\\/image\\\/\"}}]}<\/script>\n<!-- \/ Yoast SEO plugin. -->","yoast_head_json":{"title":"Juridico CB-Sociedad Civil (Constituci\u00f3n) - Aslan Legal, S.L.U. Tienda","robots":{"index":"index","follow":"follow","max-snippet":"max-snippet:-1","max-image-preview":"max-image-preview:large","max-video-preview":"max-video-preview:-1"},"canonical":"https:\/\/asesoria.aslanlegal.com\/eu\/produktua\/juridico\/","og_locale":"en_US","og_type":"article","og_title":"Juridico CB-Sociedad Civil (Constituci\u00f3n) - Aslan Legal, S.L.U. Tienda","og_description":"Constituci\u00f3n y tramitaci\u00f3n de Sociedades Civiles o Comunidades de Bienes","og_url":"https:\/\/asesoria.aslanlegal.com\/eu\/produktua\/juridico\/","og_site_name":"Aslan Legal, S.L.U. Tienda","article_modified_time":"2025-12-26T11:59:20+00:00","og_image":[{"width":1500,"height":1000,"url":"https:\/\/asesoria.aslanlegal.com\/wp-content\/uploads\/2025\/12\/457.jpg","type":"image\/jpeg"}],"twitter_card":"summary_large_image","twitter_misc":{"Est. reading time":"1 minutua"},"schema":{"@context":"https:\/\/schema.org","@graph":[{"@type":"WebPage","@id":"https:\/\/asesoria.aslanlegal.com\/producto\/juridico\/","url":"https:\/\/asesoria.aslanlegal.com\/producto\/juridico\/","name":"Juridico CB-Sociedad Civil (Constituci\u00f3n) - Aslan Legal, S.L.U. Tienda","isPartOf":{"@id":"https:\/\/asesoria.aslanlegal.com\/#website"},"primaryImageOfPage":{"@id":"https:\/\/asesoria.aslanlegal.com\/producto\/juridico\/#primaryimage"},"image":{"@id":"https:\/\/asesoria.aslanlegal.com\/producto\/juridico\/#primaryimage"},"thumbnailUrl":"https:\/\/asesoria.aslanlegal.com\/wp-content\/uploads\/2025\/12\/457.jpg","datePublished":"2025-12-23T16:14:35+00:00","dateModified":"2025-12-26T11:59:20+00:00","breadcrumb":{"@id":"https:\/\/asesoria.aslanlegal.com\/producto\/juridico\/#breadcrumb"},"inLanguage":"eu","potentialAction":[{"@type":"ReadAction","target":["https:\/\/asesoria.aslanlegal.com\/producto\/juridico\/"]}]},{"@type":"ImageObject","inLanguage":"eu","@id":"https:\/\/asesoria.aslanlegal.com\/producto\/juridico\/#primaryimage","url":"https:\/\/asesoria.aslanlegal.com\/wp-content\/uploads\/2025\/12\/457.jpg","contentUrl":"https:\/\/asesoria.aslanlegal.com\/wp-content\/uploads\/2025\/12\/457.jpg","width":1500,"height":1000},{"@type":"BreadcrumbList","@id":"https:\/\/asesoria.aslanlegal.com\/producto\/juridico\/#breadcrumb","itemListElement":[{"@type":"ListItem","position":1,"name":"Portada","item":"https:\/\/asesoria.aslanlegal.com\/"},{"@type":"ListItem","position":2,"name":"Tienda","item":"https:\/\/asesoria.aslanlegal.com\/tienda\/"},{"@type":"ListItem","position":3,"name":"Juridico CB-Sociedad Civil (Constituci\u00f3n)"}]},{"@type":"WebSite","@id":"https:\/\/asesoria.aslanlegal.com\/#website","url":"https:\/\/asesoria.aslanlegal.com\/","name":"Aslan Legal, S.L.U. Tienda","description":"Asesoramiento en materia laboral, contable, fiscal y jur\u00eddico","publisher":{"@id":"https:\/\/asesoria.aslanlegal.com\/#organization"},"potentialAction":[{"@type":"SearchAction","target":{"@type":"EntryPoint","urlTemplate":"https:\/\/asesoria.aslanlegal.com\/?s={search_term_string}"},"query-input":{"@type":"PropertyValueSpecification","valueRequired":true,"valueName":"search_term_string"}}],"inLanguage":"eu"},{"@type":"Organization","@id":"https:\/\/asesoria.aslanlegal.com\/#organization","name":"Aslan Legal, S.L.U. Tienda","url":"https:\/\/asesoria.aslanlegal.com\/","logo":{"@type":"ImageObject","inLanguage":"eu","@id":"https:\/\/asesoria.aslanlegal.com\/#\/schema\/logo\/image\/","url":"https:\/\/asesoria.aslanlegal.com\/wp-content\/uploads\/2025\/12\/cropped-asesoriaaslan202511_logoarriba.jpg","contentUrl":"https:\/\/asesoria.aslanlegal.com\/wp-content\/uploads\/2025\/12\/cropped-asesoriaaslan202511_logoarriba.jpg","width":560,"height":134,"caption":"Aslan Legal, S.L.U. Tienda"},"image":{"@id":"https:\/\/asesoria.aslanlegal.com\/#\/schema\/logo\/image\/"}}]}},"_links":{"self":[{"href":"https:\/\/asesoria.aslanlegal.com\/eu\/wp-json\/wp\/v2\/product\/326","targetHints":{"allow":["GET"]}}],"collection":[{"href":"https:\/\/asesoria.aslanlegal.com\/eu\/wp-json\/wp\/v2\/product"}],"about":[{"href":"https:\/\/asesoria.aslanlegal.com\/eu\/wp-json\/wp\/v2\/types\/product"}],"replies":[{"embeddable":true,"href":"https:\/\/asesoria.aslanlegal.com\/eu\/wp-json\/wp\/v2\/comments?post=326"}],"wp:featuredmedia":[{"embeddable":true,"href":"https:\/\/asesoria.aslanlegal.com\/eu\/wp-json\/wp\/v2\/media\/312"}],"wp:attachment":[{"href":"https:\/\/asesoria.aslanlegal.com\/eu\/wp-json\/wp\/v2\/media?parent=326"}],"wp:term":[{"taxonomy":"product_brand","embeddable":true,"href":"https:\/\/asesoria.aslanlegal.com\/eu\/wp-json\/wp\/v2\/product_brand?post=326"},{"taxonomy":"product_cat","embeddable":true,"href":"https:\/\/asesoria.aslanlegal.com\/eu\/wp-json\/wp\/v2\/product_cat?post=326"},{"taxonomy":"product_tag","embeddable":true,"href":"https:\/\/asesoria.aslanlegal.com\/eu\/wp-json\/wp\/v2\/product_tag?post=326"}],"curies":[{"name":"wp","href":"https:\/\/api.w.org\/{rel}","templated":true}]}}