{"id":15,"date":"2025-12-05T16:14:22","date_gmt":"2025-12-05T16:14:22","guid":{"rendered":"https:\/\/asesoria.aslanlegal.rkinformatika.online\/?page_id=15"},"modified":"2025-12-26T13:29:13","modified_gmt":"2025-12-26T13:29:13","slug":"inicio","status":"publish","type":"page","link":"https:\/\/asesoria.aslanlegal.com\/eu\/","title":{"rendered":"Inicio"},"content":{"rendered":"\t\t<div data-elementor-type=\"wp-page\" data-elementor-id=\"15\" class=\"elementor elementor-15\" data-elementor-post-type=\"page\">\n\t\t\t\t<div class=\"elementor-element elementor-element-a8f91f7 e-con-full e-flex elementor-invisible e-con e-parent\" data-id=\"a8f91f7\" data-element_type=\"container\" data-e-type=\"container\" data-settings=\"{&quot;background_background&quot;:&quot;classic&quot;,&quot;background_motion_fx_motion_fx_scrolling&quot;:&quot;yes&quot;,&quot;animation&quot;:&quot;fadeIn&quot;,&quot;background_motion_fx_devices&quot;:[&quot;desktop&quot;,&quot;tablet&quot;,&quot;mobile&quot;]}\">\n\t\t<div class=\"elementor-element elementor-element-d18a0a1 e-flex e-con-boxed e-con e-child\" data-id=\"d18a0a1\" data-element_type=\"container\" data-e-type=\"container\">\n\t\t\t\t\t<div class=\"e-con-inner\">\n\t\t\t\t<div class=\"elementor-element elementor-element-7b35a80 animated-slow elementor-widget__width-initial elementor-invisible elementor-widget elementor-widget-heading\" data-id=\"7b35a80\" data-element_type=\"widget\" data-e-type=\"widget\" data-settings=\"{&quot;_animation&quot;:&quot;fadeInDown&quot;}\" data-widget_type=\"heading.default\">\n\t\t\t\t\t<h2 class=\"elementor-heading-title elementor-size-default\">Cuidamos de la gesti\u00f3n para que usted cuide de su negocio.<\/h2>\t\t\t\t<\/div>\n\t\t\t\t\t<\/div>\n\t\t\t\t<\/div>\n\t\t\t\t<\/div>\n\t\t<div class=\"elementor-element elementor-element-fee9746 e-flex e-con-boxed e-con e-parent\" data-id=\"fee9746\" data-element_type=\"container\" data-e-type=\"container\">\n\t\t\t\t\t<div class=\"e-con-inner\">\n\t\t<div class=\"elementor-element elementor-element-754eb86 e-con-full e-flex elementor-invisible e-con e-child\" data-id=\"754eb86\" data-element_type=\"container\" data-e-type=\"container\" data-settings=\"{&quot;animation&quot;:&quot;fadeInLeft&quot;}\">\n\t\t\t\t<div class=\"elementor-element elementor-element-ca3faa8 elementor-widget elementor-widget-heading\" data-id=\"ca3faa8\" data-element_type=\"widget\" data-e-type=\"widget\" data-widget_type=\"heading.default\">\n\t\t\t\t\t<h2 class=\"elementor-heading-title elementor-size-default\">Sobre Nosotros:<\/h2>\t\t\t\t<\/div>\n\t\t\t\t<div class=\"elementor-element elementor-element-d9a9dcc elementor-widget elementor-widget-text-editor\" data-id=\"d9a9dcc\" data-element_type=\"widget\" data-e-type=\"widget\" data-widget_type=\"text-editor.default\">\n\t\t\t\t\t\t\t\t\t<p>Nuestra empresa cuenta con una larga trayectoria en el asesoramiento laboral, fiscal y contable a la peque\u00f1a y mediana empresa en el \u00e1mbito geogr\u00e1fico del Gran Bilbao. Siempre ha contado con personal especializado y cualificado para la prestaci\u00f3n de dichos servicios y, desde el a\u00f1o 2019, se encuentra integrada en Aslan Grupo Asesor, uno de los principales grupos asesores a nivel de Bizkaia, que cuenta con colaboradores, a trav\u00e9s de diversas asociaciones profesionales, en la pr\u00e1ctica totalidad del territorio nacional, ofreciendo servicios en todas las materias propias del asesoramiento empresarial.<\/p>\t\t\t\t\t\t\t\t<\/div>\n\t\t\t\t<\/div>\n\t\t<div class=\"elementor-element elementor-element-f73e7a4 e-con-full e-flex elementor-invisible e-con e-child\" data-id=\"f73e7a4\" data-element_type=\"container\" data-e-type=\"container\" data-settings=\"{&quot;animation&quot;:&quot;fadeInRight&quot;}\">\n\t\t\t\t<div class=\"elementor-element elementor-element-06ca703 elementor-widget elementor-widget-image\" data-id=\"06ca703\" data-element_type=\"widget\" data-e-type=\"widget\" data-widget_type=\"image.default\">\n\t\t\t\t\t\t\t\t\t\t\t\t\t\t\t<img fetchpriority=\"high\" decoding=\"async\" width=\"680\" height=\"425\" src=\"https:\/\/asesoria.aslanlegal.com\/wp-content\/uploads\/2025\/12\/2020-10-16.webp\" class=\"attachment-full size-full wp-image-110\" alt=\"\" srcset=\"https:\/\/asesoria.aslanlegal.com\/wp-content\/uploads\/2025\/12\/2020-10-16.webp 680w, https:\/\/asesoria.aslanlegal.com\/wp-content\/uploads\/2025\/12\/2020-10-16-300x188.webp 300w, https:\/\/asesoria.aslanlegal.com\/wp-content\/uploads\/2025\/12\/2020-10-16-18x12.webp 18w, https:\/\/asesoria.aslanlegal.com\/wp-content\/uploads\/2025\/12\/2020-10-16-600x375.webp 600w\" sizes=\"(max-width: 680px) 100vw, 680px\" \/>\t\t\t\t\t\t\t\t\t\t\t\t\t\t\t<\/div>\n\t\t\t\t<\/div>\n\t\t\t\t\t<\/div>\n\t\t\t\t<\/div>\n\t\t<div class=\"elementor-element elementor-element-0f410d3 e-flex e-con-boxed e-con e-parent\" data-id=\"0f410d3\" data-element_type=\"container\" data-e-type=\"container\">\n\t\t\t\t\t<div class=\"e-con-inner\">\n\t\t<div class=\"elementor-element elementor-element-86aab1c e-con-full e-flex e-con e-child\" data-id=\"86aab1c\" data-element_type=\"container\" data-e-type=\"container\" data-settings=\"{&quot;background_background&quot;:&quot;classic&quot;}\">\n\t\t\t\t<div class=\"elementor-element elementor-element-d77a02b elementor-widget elementor-widget-heading\" data-id=\"d77a02b\" data-element_type=\"widget\" data-e-type=\"widget\" data-widget_type=\"heading.default\">\n\t\t\t\t\t<h2 class=\"elementor-heading-title elementor-size-default\">Experiencia en el sector<\/h2>\t\t\t\t<\/div>\n\t\t\t\t<div class=\"elementor-element elementor-element-4cd54e3 elementor-widget elementor-widget-text-editor\" data-id=\"4cd54e3\" data-element_type=\"widget\" data-e-type=\"widget\" data-widget_type=\"text-editor.default\">\n\t\t\t\t\t\t\t\t\t<p>M\u00e1s de 6 a\u00f1os de experiencia al servicio de particulares y empresas. Desde 2019, asesorando y defendiendo los derechos de los ciudadanos.<\/p>\t\t\t\t\t\t\t\t<\/div>\n\t\t\t\t<div class=\"elementor-element elementor-element-2fcfd76 elementor-widget elementor-widget-counter\" data-id=\"2fcfd76\" data-element_type=\"widget\" data-e-type=\"widget\" data-widget_type=\"counter.default\">\n\t\t\t\t\t\t\t<div class=\"elementor-counter\">\n\t\t\t<div class=\"elementor-counter-title\">A\u00f1os<\/div>\t\t\t<div class=\"elementor-counter-number-wrapper\">\n\t\t\t\t<span class=\"elementor-counter-number-prefix\">+<\/span>\n\t\t\t\t<span class=\"elementor-counter-number\" data-duration=\"2000\" data-to-value=\"6\" data-from-value=\"0\" data-delimiter=\",\">0<\/span>\n\t\t\t\t<span class=\"elementor-counter-number-suffix\"><\/span>\n\t\t\t<\/div>\n\t\t<\/div>\n\t\t\t\t\t\t<\/div>\n\t\t\t\t<\/div>\n\t\t<div class=\"elementor-element elementor-element-2ce6a49 e-con-full e-flex e-con e-child\" data-id=\"2ce6a49\" data-element_type=\"container\" data-e-type=\"container\" data-settings=\"{&quot;background_background&quot;:&quot;classic&quot;}\">\n\t\t\t\t<div class=\"elementor-element elementor-element-59cba6b elementor-widget elementor-widget-heading\" data-id=\"59cba6b\" data-element_type=\"widget\" data-e-type=\"widget\" data-widget_type=\"heading.default\">\n\t\t\t\t\t<h2 class=\"elementor-heading-title elementor-size-default\">Sobre Nosotros<\/h2>\t\t\t\t<\/div>\n\t\t\t\t<div class=\"elementor-element elementor-element-5a0dfe5 elementor-widget elementor-widget-text-editor\" data-id=\"5a0dfe5\" data-element_type=\"widget\" data-e-type=\"widget\" data-widget_type=\"text-editor.default\">\n\t\t\t\t\t\t\t\t\t<p>S\u00edguenos en Facebook, Instagram y LinkedIn para estar siempre informado y en contacto con nosotros.<\/p>\t\t\t\t\t\t\t\t<\/div>\n\t\t\t\t<div class=\"elementor-element elementor-element-b8ba337 elementor-shape-rounded elementor-grid-0 e-grid-align-center elementor-widget elementor-widget-social-icons\" data-id=\"b8ba337\" data-element_type=\"widget\" data-e-type=\"widget\" data-widget_type=\"social-icons.default\">\n\t\t\t\t\t\t\t<div class=\"elementor-social-icons-wrapper elementor-grid\" role=\"list\">\n\t\t\t\t\t\t\t<span class=\"elementor-grid-item\" role=\"listitem\">\n\t\t\t\t\t<a class=\"elementor-icon elementor-social-icon elementor-social-icon-facebook elementor-repeater-item-0da0576\" href=\"https:\/\/www.facebook.com\/aslanbilbao\/\" target=\"_blank\">\n\t\t\t\t\t\t<span class=\"elementor-screen-only\">Facebook<\/span>\n\t\t\t\t\t\t<svg aria-hidden=\"true\" class=\"e-font-icon-svg e-fab-facebook\" viewBox=\"0 0 512 512\" xmlns=\"http:\/\/www.w3.org\/2000\/svg\"><path d=\"M504 256C504 119 393 8 256 8S8 119 8 256c0 123.78 90.69 226.38 209.25 245V327.69h-63V256h63v-54.64c0-62.15 37-96.48 93.67-96.48 27.14 0 55.52 4.84 55.52 4.84v61h-31.28c-30.8 0-40.41 19.12-40.41 38.73V256h68.78l-11 71.69h-57.78V501C413.31 482.38 504 379.78 504 256z\"><\/path><\/svg>\t\t\t\t\t<\/a>\n\t\t\t\t<\/span>\n\t\t\t\t\t\t\t<span class=\"elementor-grid-item\" role=\"listitem\">\n\t\t\t\t\t<a class=\"elementor-icon elementor-social-icon elementor-social-icon-instagram elementor-repeater-item-525e8a4\" href=\"https:\/\/www.instagram.com\/aslanasesores\/\" target=\"_blank\">\n\t\t\t\t\t\t<span class=\"elementor-screen-only\">Instagram<\/span>\n\t\t\t\t\t\t<svg aria-hidden=\"true\" class=\"e-font-icon-svg e-fab-instagram\" viewBox=\"0 0 448 512\" xmlns=\"http:\/\/www.w3.org\/2000\/svg\"><path d=\"M224.1 141c-63.6 0-114.9 51.3-114.9 114.9s51.3 114.9 114.9 114.9S339 319.5 339 255.9 287.7 141 224.1 141zm0 189.6c-41.1 0-74.7-33.5-74.7-74.7s33.5-74.7 74.7-74.7 74.7 33.5 74.7 74.7-33.6 74.7-74.7 74.7zm146.4-194.3c0 14.9-12 26.8-26.8 26.8-14.9 0-26.8-12-26.8-26.8s12-26.8 26.8-26.8 26.8 12 26.8 26.8zm76.1 27.2c-1.7-35.9-9.9-67.7-36.2-93.9-26.2-26.2-58-34.4-93.9-36.2-37-2.1-147.9-2.1-184.9 0-35.8 1.7-67.6 9.9-93.9 36.1s-34.4 58-36.2 93.9c-2.1 37-2.1 147.9 0 184.9 1.7 35.9 9.9 67.7 36.2 93.9s58 34.4 93.9 36.2c37 2.1 147.9 2.1 184.9 0 35.9-1.7 67.7-9.9 93.9-36.2 26.2-26.2 34.4-58 36.2-93.9 2.1-37 2.1-147.8 0-184.8zM398.8 388c-7.8 19.6-22.9 34.7-42.6 42.6-29.5 11.7-99.5 9-132.1 9s-102.7 2.6-132.1-9c-19.6-7.8-34.7-22.9-42.6-42.6-11.7-29.5-9-99.5-9-132.1s-2.6-102.7 9-132.1c7.8-19.6 22.9-34.7 42.6-42.6 29.5-11.7 99.5-9 132.1-9s102.7-2.6 132.1 9c19.6 7.8 34.7 22.9 42.6 42.6 11.7 29.5 9 99.5 9 132.1s2.7 102.7-9 132.1z\"><\/path><\/svg>\t\t\t\t\t<\/a>\n\t\t\t\t<\/span>\n\t\t\t\t\t\t\t<span class=\"elementor-grid-item\" role=\"listitem\">\n\t\t\t\t\t<a class=\"elementor-icon elementor-social-icon elementor-social-icon-linkedin elementor-repeater-item-ed5230a\" href=\"https:\/\/www.linkedin.com\/company\/aslan-asesores\" target=\"_blank\">\n\t\t\t\t\t\t<span class=\"elementor-screen-only\">Linkedin<\/span>\n\t\t\t\t\t\t<svg aria-hidden=\"true\" class=\"e-font-icon-svg e-fab-linkedin\" viewBox=\"0 0 448 512\" xmlns=\"http:\/\/www.w3.org\/2000\/svg\"><path d=\"M416 32H31.9C14.3 32 0 46.5 0 64.3v383.4C0 465.5 14.3 480 31.9 480H416c17.6 0 32-14.5 32-32.3V64.3c0-17.8-14.4-32.3-32-32.3zM135.4 416H69V202.2h66.5V416zm-33.2-243c-21.3 0-38.5-17.3-38.5-38.5S80.9 96 102.2 96c21.2 0 38.5 17.3 38.5 38.5 0 21.3-17.2 38.5-38.5 38.5zm282.1 243h-66.4V312c0-24.8-.5-56.7-34.5-56.7-34.6 0-39.9 27-39.9 54.9V416h-66.4V202.2h63.7v29.2h.9c8.9-16.8 30.6-34.5 62.9-34.5 67.2 0 79.7 44.3 79.7 101.9V416z\"><\/path><\/svg>\t\t\t\t\t<\/a>\n\t\t\t\t<\/span>\n\t\t\t\t\t<\/div>\n\t\t\t\t\t\t<\/div>\n\t\t\t\t<\/div>\n\t\t\t\t\t<\/div>\n\t\t\t\t<\/div>\n\t\t<div class=\"elementor-element elementor-element-3ee8e05 e-flex e-con-boxed e-con e-parent\" data-id=\"3ee8e05\" data-element_type=\"container\" data-e-type=\"container\">\n\t\t\t\t\t<div class=\"e-con-inner\">\n\t\t\t\t<div class=\"elementor-element elementor-element-2cd3ecb elementor-align-center elementor-widget elementor-widget-button\" data-id=\"2cd3ecb\" data-element_type=\"widget\" data-e-type=\"widget\" data-widget_type=\"button.default\">\n\t\t\t\t\t\t\t\t\t\t<a class=\"elementor-button elementor-button-link elementor-size-sm\" href=\"https:\/\/asesoria.aslanlegal.com\/servicios\/\">\n\t\t\t\t\t\t<span class=\"elementor-button-content-wrapper\">\n\t\t\t\t\t\t\t\t\t<span class=\"elementor-button-text\">SERVICIOS<\/span>\n\t\t\t\t\t<\/span>\n\t\t\t\t\t<\/a>\n\t\t\t\t\t\t\t\t<\/div>\n\t\t<div class=\"elementor-element elementor-element-341b671 e-con-full e-flex e-con e-child\" data-id=\"341b671\" data-element_type=\"container\" data-e-type=\"container\">\n\t\t\t\t<div class=\"elementor-element elementor-element-50bbed6 animated-slow elementor-widget__width-initial elementor-invisible elementor-widget elementor-widget-heading\" data-id=\"50bbed6\" data-element_type=\"widget\" data-e-type=\"widget\" data-settings=\"{&quot;_animation&quot;:&quot;fadeInDown&quot;}\" data-widget_type=\"heading.default\">\n\t\t\t\t\t<h2 class=\"elementor-heading-title elementor-size-default\">Confianza, profesionalidad y apoyo continuo para tu negocio.<\/h2>\t\t\t\t<\/div>\n\t\t\t\t<\/div>\n\t\t\t\t\t<\/div>\n\t\t\t\t<\/div>\n\t\t\t\t<\/div>\n\t\t","protected":false},"excerpt":{"rendered":"<p>Cuidamos de la gesti\u00f3n para que usted cuide de su negocio. Sobre Nosotros: Nuestra empresa cuenta con una larga trayectoria en el asesoramiento laboral, fiscal y contable a la peque\u00f1a y mediana empresa en el \u00e1mbito geogr\u00e1fico del Gran Bilbao. Siempre ha contado con personal especializado y cualificado para la prestaci\u00f3n de dichos servicios y, [&hellip;]<\/p>\n","protected":false},"author":1,"featured_media":0,"parent":0,"menu_order":0,"comment_status":"closed","ping_status":"closed","template":"elementor_canvas","meta":{"footnotes":""},"class_list":["post-15","page","type-page","status-publish","hentry"],"yoast_head":"<!-- This site is optimized with the Yoast SEO plugin v27.5 - https:\/\/yoast.com\/product\/yoast-seo-wordpress\/ -->\n<title>Inicio - Aslan Legal, S.L.U. Tienda<\/title>\n<meta name=\"robots\" content=\"index, follow, max-snippet:-1, max-image-preview:large, max-video-preview:-1\" \/>\n<link rel=\"canonical\" href=\"https:\/\/asesoria.aslanlegal.com\/eu\/\" \/>\n<meta property=\"og:locale\" content=\"en_US\" \/>\n<meta property=\"og:type\" content=\"article\" \/>\n<meta property=\"og:title\" content=\"Inicio - Aslan Legal, S.L.U. Tienda\" \/>\n<meta property=\"og:description\" content=\"Cuidamos de la gesti\u00f3n para que usted cuide de su negocio. Sobre Nosotros: Nuestra empresa cuenta con una larga trayectoria en el asesoramiento laboral, fiscal y contable a la peque\u00f1a y mediana empresa en el \u00e1mbito geogr\u00e1fico del Gran Bilbao. Siempre ha contado con personal especializado y cualificado para la prestaci\u00f3n de dichos servicios y, [&hellip;]\" \/>\n<meta property=\"og:url\" content=\"https:\/\/asesoria.aslanlegal.com\/eu\/\" \/>\n<meta property=\"og:site_name\" content=\"Aslan Legal, S.L.U. Tienda\" \/>\n<meta property=\"article:modified_time\" content=\"2025-12-26T13:29:13+00:00\" \/>\n<meta property=\"og:image\" content=\"https:\/\/asesoria.aslanlegal.com\/wp-content\/uploads\/2025\/12\/2020-10-16.webp\" \/>\n\t<meta property=\"og:image:width\" content=\"680\" \/>\n\t<meta property=\"og:image:height\" content=\"425\" \/>\n\t<meta property=\"og:image:type\" content=\"image\/webp\" \/>\n<meta name=\"twitter:card\" content=\"summary_large_image\" \/>\n<meta name=\"twitter:label1\" content=\"Est. reading time\" \/>\n\t<meta name=\"twitter:data1\" content=\"1 minutua\" \/>\n<script type=\"application\/ld+json\" class=\"yoast-schema-graph\">{\"@context\":\"https:\\\/\\\/schema.org\",\"@graph\":[{\"@type\":\"WebPage\",\"@id\":\"https:\\\/\\\/asesoria.aslanlegal.com\\\/\",\"url\":\"https:\\\/\\\/asesoria.aslanlegal.com\\\/\",\"name\":\"Inicio - Aslan Legal, S.L.U. Tienda\",\"isPartOf\":{\"@id\":\"https:\\\/\\\/asesoria.aslanlegal.com\\\/#website\"},\"primaryImageOfPage\":{\"@id\":\"https:\\\/\\\/asesoria.aslanlegal.com\\\/#primaryimage\"},\"image\":{\"@id\":\"https:\\\/\\\/asesoria.aslanlegal.com\\\/#primaryimage\"},\"thumbnailUrl\":\"https:\\\/\\\/asesoria.aslanlegal.com\\\/wp-content\\\/uploads\\\/2025\\\/12\\\/2020-10-16.webp\",\"datePublished\":\"2025-12-05T16:14:22+00:00\",\"dateModified\":\"2025-12-26T13:29:13+00:00\",\"breadcrumb\":{\"@id\":\"https:\\\/\\\/asesoria.aslanlegal.com\\\/#breadcrumb\"},\"inLanguage\":\"eu\",\"potentialAction\":[{\"@type\":\"ReadAction\",\"target\":[\"https:\\\/\\\/asesoria.aslanlegal.com\\\/\"]}]},{\"@type\":\"ImageObject\",\"inLanguage\":\"eu\",\"@id\":\"https:\\\/\\\/asesoria.aslanlegal.com\\\/#primaryimage\",\"url\":\"https:\\\/\\\/asesoria.aslanlegal.com\\\/wp-content\\\/uploads\\\/2025\\\/12\\\/2020-10-16.webp\",\"contentUrl\":\"https:\\\/\\\/asesoria.aslanlegal.com\\\/wp-content\\\/uploads\\\/2025\\\/12\\\/2020-10-16.webp\"},{\"@type\":\"BreadcrumbList\",\"@id\":\"https:\\\/\\\/asesoria.aslanlegal.com\\\/#breadcrumb\",\"itemListElement\":[{\"@type\":\"ListItem\",\"position\":1,\"name\":\"Portada\",\"item\":\"https:\\\/\\\/asesoria.aslanlegal.com\\\/\"},{\"@type\":\"ListItem\",\"position\":2,\"name\":\"Inicio\"}]},{\"@type\":\"WebSite\",\"@id\":\"https:\\\/\\\/asesoria.aslanlegal.com\\\/#website\",\"url\":\"https:\\\/\\\/asesoria.aslanlegal.com\\\/\",\"name\":\"Aslan Legal, S.L.U. Tienda\",\"description\":\"Asesoramiento en materia laboral, contable, fiscal y jur\u00eddico  \",\"publisher\":{\"@id\":\"https:\\\/\\\/asesoria.aslanlegal.com\\\/#organization\"},\"potentialAction\":[{\"@type\":\"SearchAction\",\"target\":{\"@type\":\"EntryPoint\",\"urlTemplate\":\"https:\\\/\\\/asesoria.aslanlegal.com\\\/?s={search_term_string}\"},\"query-input\":{\"@type\":\"PropertyValueSpecification\",\"valueRequired\":true,\"valueName\":\"search_term_string\"}}],\"inLanguage\":\"eu\"},{\"@type\":\"Organization\",\"@id\":\"https:\\\/\\\/asesoria.aslanlegal.com\\\/#organization\",\"name\":\"Aslan Legal, S.L.U. Tienda\",\"url\":\"https:\\\/\\\/asesoria.aslanlegal.com\\\/\",\"logo\":{\"@type\":\"ImageObject\",\"inLanguage\":\"eu\",\"@id\":\"https:\\\/\\\/asesoria.aslanlegal.com\\\/#\\\/schema\\\/logo\\\/image\\\/\",\"url\":\"https:\\\/\\\/asesoria.aslanlegal.com\\\/wp-content\\\/uploads\\\/2025\\\/12\\\/cropped-asesoriaaslan202511_logoarriba.jpg\",\"contentUrl\":\"https:\\\/\\\/asesoria.aslanlegal.com\\\/wp-content\\\/uploads\\\/2025\\\/12\\\/cropped-asesoriaaslan202511_logoarriba.jpg\",\"width\":560,\"height\":134,\"caption\":\"Aslan Legal, S.L.U. Tienda\"},\"image\":{\"@id\":\"https:\\\/\\\/asesoria.aslanlegal.com\\\/#\\\/schema\\\/logo\\\/image\\\/\"}}]}<\/script>\n<!-- \/ Yoast SEO plugin. -->","yoast_head_json":{"title":"Inicio - Aslan Legal, S.L.U. Tienda","robots":{"index":"index","follow":"follow","max-snippet":"max-snippet:-1","max-image-preview":"max-image-preview:large","max-video-preview":"max-video-preview:-1"},"canonical":"https:\/\/asesoria.aslanlegal.com\/eu\/","og_locale":"en_US","og_type":"article","og_title":"Inicio - Aslan Legal, S.L.U. Tienda","og_description":"Cuidamos de la gesti\u00f3n para que usted cuide de su negocio. Sobre Nosotros: Nuestra empresa cuenta con una larga trayectoria en el asesoramiento laboral, fiscal y contable a la peque\u00f1a y mediana empresa en el \u00e1mbito geogr\u00e1fico del Gran Bilbao. Siempre ha contado con personal especializado y cualificado para la prestaci\u00f3n de dichos servicios y, [&hellip;]","og_url":"https:\/\/asesoria.aslanlegal.com\/eu\/","og_site_name":"Aslan Legal, S.L.U. Tienda","article_modified_time":"2025-12-26T13:29:13+00:00","og_image":[{"width":680,"height":425,"url":"https:\/\/asesoria.aslanlegal.com\/wp-content\/uploads\/2025\/12\/2020-10-16.webp","type":"image\/webp"}],"twitter_card":"summary_large_image","twitter_misc":{"Est. reading time":"1 minutua"},"schema":{"@context":"https:\/\/schema.org","@graph":[{"@type":"WebPage","@id":"https:\/\/asesoria.aslanlegal.com\/","url":"https:\/\/asesoria.aslanlegal.com\/","name":"Inicio - Aslan Legal, S.L.U. Tienda","isPartOf":{"@id":"https:\/\/asesoria.aslanlegal.com\/#website"},"primaryImageOfPage":{"@id":"https:\/\/asesoria.aslanlegal.com\/#primaryimage"},"image":{"@id":"https:\/\/asesoria.aslanlegal.com\/#primaryimage"},"thumbnailUrl":"https:\/\/asesoria.aslanlegal.com\/wp-content\/uploads\/2025\/12\/2020-10-16.webp","datePublished":"2025-12-05T16:14:22+00:00","dateModified":"2025-12-26T13:29:13+00:00","breadcrumb":{"@id":"https:\/\/asesoria.aslanlegal.com\/#breadcrumb"},"inLanguage":"eu","potentialAction":[{"@type":"ReadAction","target":["https:\/\/asesoria.aslanlegal.com\/"]}]},{"@type":"ImageObject","inLanguage":"eu","@id":"https:\/\/asesoria.aslanlegal.com\/#primaryimage","url":"https:\/\/asesoria.aslanlegal.com\/wp-content\/uploads\/2025\/12\/2020-10-16.webp","contentUrl":"https:\/\/asesoria.aslanlegal.com\/wp-content\/uploads\/2025\/12\/2020-10-16.webp"},{"@type":"BreadcrumbList","@id":"https:\/\/asesoria.aslanlegal.com\/#breadcrumb","itemListElement":[{"@type":"ListItem","position":1,"name":"Portada","item":"https:\/\/asesoria.aslanlegal.com\/"},{"@type":"ListItem","position":2,"name":"Inicio"}]},{"@type":"WebSite","@id":"https:\/\/asesoria.aslanlegal.com\/#website","url":"https:\/\/asesoria.aslanlegal.com\/","name":"Aslan Legal, S.L.U. Tienda","description":"Asesoramiento en materia laboral, contable, fiscal y jur\u00eddico","publisher":{"@id":"https:\/\/asesoria.aslanlegal.com\/#organization"},"potentialAction":[{"@type":"SearchAction","target":{"@type":"EntryPoint","urlTemplate":"https:\/\/asesoria.aslanlegal.com\/?s={search_term_string}"},"query-input":{"@type":"PropertyValueSpecification","valueRequired":true,"valueName":"search_term_string"}}],"inLanguage":"eu"},{"@type":"Organization","@id":"https:\/\/asesoria.aslanlegal.com\/#organization","name":"Aslan Legal, S.L.U. Tienda","url":"https:\/\/asesoria.aslanlegal.com\/","logo":{"@type":"ImageObject","inLanguage":"eu","@id":"https:\/\/asesoria.aslanlegal.com\/#\/schema\/logo\/image\/","url":"https:\/\/asesoria.aslanlegal.com\/wp-content\/uploads\/2025\/12\/cropped-asesoriaaslan202511_logoarriba.jpg","contentUrl":"https:\/\/asesoria.aslanlegal.com\/wp-content\/uploads\/2025\/12\/cropped-asesoriaaslan202511_logoarriba.jpg","width":560,"height":134,"caption":"Aslan Legal, S.L.U. Tienda"},"image":{"@id":"https:\/\/asesoria.aslanlegal.com\/#\/schema\/logo\/image\/"}}]}},"_links":{"self":[{"href":"https:\/\/asesoria.aslanlegal.com\/eu\/wp-json\/wp\/v2\/pages\/15","targetHints":{"allow":["GET"]}}],"collection":[{"href":"https:\/\/asesoria.aslanlegal.com\/eu\/wp-json\/wp\/v2\/pages"}],"about":[{"href":"https:\/\/asesoria.aslanlegal.com\/eu\/wp-json\/wp\/v2\/types\/page"}],"author":[{"embeddable":true,"href":"https:\/\/asesoria.aslanlegal.com\/eu\/wp-json\/wp\/v2\/users\/1"}],"replies":[{"embeddable":true,"href":"https:\/\/asesoria.aslanlegal.com\/eu\/wp-json\/wp\/v2\/comments?post=15"}],"version-history":[{"count":70,"href":"https:\/\/asesoria.aslanlegal.com\/eu\/wp-json\/wp\/v2\/pages\/15\/revisions"}],"predecessor-version":[{"id":404,"href":"https:\/\/asesoria.aslanlegal.com\/eu\/wp-json\/wp\/v2\/pages\/15\/revisions\/404"}],"wp:attachment":[{"href":"https:\/\/asesoria.aslanlegal.com\/eu\/wp-json\/wp\/v2\/media?parent=15"}],"curies":[{"name":"wp","href":"https:\/\/api.w.org\/{rel}","templated":true}]}}